{"id":1055,"date":"2021-02-05T23:57:19","date_gmt":"2021-02-05T22:57:19","guid":{"rendered":"https:\/\/haeffner-medien.de\/?page_id=1055"},"modified":"2021-02-06T23:36:41","modified_gmt":"2021-02-06T22:36:41","slug":"9-impressum","status":"publish","type":"page","link":"https:\/\/haeffner-medien.de\/?page_id=1055","title":{"rendered":"9 Impressum"},"content":{"rendered":"<p>[vc_row css=&#8220;.vc_custom_1423762485877{margin-bottom: 0px !important;padding-top: 55px !important;padding-bottom: 55px !important;background-color: #1d1d1d !important;}&#8220;][vc_column width=&#8220;1\/2&#8243; offset=&#8220;vc_col-lg-6 vc_col-md-6 vc_col-xs-12&#8243; css=&#8220;.vc_custom_1423762765483{padding-left: 80px !important;}&#8220;]<h2 class=\" fwp_cst_title41428\" data-scroll-reveal=\"enter left move 10px over 1s after 0.2s\">IMPRESSUM<\/h2><img decoding=\"async\" src=\"https:\/\/haeffner-medien.de\/wp-content\/themes\/phoenix-v1.5\/assets\/img\/lineSeparatorWhite.png\" alt=\"\" data-scroll-reveal=\"enter left move 10px over 1s after 0.3s\" class=\"img_responsive  lineSeparator \"><div class=\"fwp-text-block \" data-scroll-reveal=\"enter left move 10px over 1s after 0.3s\"><\/div>[\/vc_column][vc_column width=&#8220;1\/2&#8243; offset=&#8220;vc_hidden-xs&#8220;]<img decoding=\"async\" class=\"fwp-stellar-image abs_aligncenter \" src=\"https:\/\/haeffner-medien.de\/wp-content\/uploads\/2021\/02\/haeffner-wappen-435.png\" data-stellar-ratio=\"0.5\">[\/vc_column][\/vc_row][vc_row fwp_boxed=&#8220;0&#8243; fwp_offset=&#8220;0&#8243;][vc_column width=&#8220;1\/2&#8243;]<div class=\"fwp-text-block \" data-scroll-reveal=\"enter right move 10px over 1s after\"><\/p>\n<div class=\"span6\">\n<div class=\"pe-block pe-view-layout-block pe-view-layout-block-3\">\n<div class=\"pe-container\">\n<p><strong>h\u00e4ffner mediendesign<\/strong><br \/>\nFritz-Haber-Str. 15<br \/>\n74081 Heilbronn<\/p>\n<p>Telefon <a href=\"tel:+497118787940\">+49 (0)7131 256262<\/a><br \/>\nE-Mail <a href=\"mailto:info@juergen-haeffner.de\">info@juergen-haeffner.de<\/a><\/p>\n<p>Gesch\u00e4ftsf\u00fchrer J\u00fcrgen H\u00e4ffner<\/p>\n<p><strong>Urheberrecht<\/strong><br \/>\nDie Ver\u00f6ffentlichungen auf diesen Seiten unterliegen dem deutschen Urheberrecht. Vervielf\u00e4ltigung, Bearbeitung und jede Art der Verwertung au\u00dferhalb der Grenzen des Urheberrechtes bed\u00fcrfen der schriftlichen Zustimmung von J\u00fcrgen H\u00e4ffner.<\/p>\n<p><strong>Haftung f\u00fcr Inhalte<\/strong><br \/>\nDie Informationen auf dieser Seite sind allgemeiner und informativer Art. Die Inhalte dieser Seiten werden mit gr\u00f6\u00dfter Sorgfalt erstellt. F\u00fcr Richtigkeit, Vollst\u00e4ndigkeit und Aktualit\u00e4t dieser Inhalte kann jedoch keine Haftung \u00fcbernommen werden.<\/p>\n<p><strong>Haftung f\u00fcr Links<\/strong><br \/>\nDie aufgef\u00fchrten externen Links f\u00fchren zu Inhalten fremder Anbieter. F\u00fcr diese Inhalte ist der jeweilige Anbieter verantwortlich.<\/div>\n<\/div>\n<\/div>\n<p><\/div>[\/vc_column][vc_column width=&#8220;1\/2&#8243;][\/vc_column][\/vc_row]<\/p>\n","protected":false},"excerpt":{"rendered":"<p>[vc_row css=&#8220;.vc_custom_1423762485877{margin-bottom: 0px !important;padding-top: 55px !important;padding-bottom: 55px !important;background-color: #1d1d1d !important;}&#8220;][vc_column width=&#8220;1\/2&#8243; offset=&#8220;vc_col-lg-6 vc_col-md-6 vc_col-xs-12&#8243; css=&#8220;.vc_custom_1423762765483{padding-left: 80px !important;}&#8220;][\/vc_column][vc_column width=&#8220;1\/2&#8243; offset=&#8220;vc_hidden-xs&#8220;][\/vc_column][\/vc_row][vc_row fwp_boxed=&#8220;0&#8243; fwp_offset=&#8220;0&#8243;][vc_column width=&#8220;1\/2&#8243;][\/vc_column][vc_column width=&#8220;1\/2&#8243;][\/vc_column][\/vc_row]<\/p>\n","protected":false},"author":2,"featured_media":0,"parent":0,"menu_order":0,"comment_status":"open","ping_status":"open","template":"","meta":{"footnotes":""},"class_list":["post-1055","page","type-page","status-publish","hentry"],"_links":{"self":[{"href":"https:\/\/haeffner-medien.de\/index.php?rest_route=\/wp\/v2\/pages\/1055","targetHints":{"allow":["GET"]}}],"collection":[{"href":"https:\/\/haeffner-medien.de\/index.php?rest_route=\/wp\/v2\/pages"}],"about":[{"href":"https:\/\/haeffner-medien.de\/index.php?rest_route=\/wp\/v2\/types\/page"}],"author":[{"embeddable":true,"href":"https:\/\/haeffner-medien.de\/index.php?rest_route=\/wp\/v2\/users\/2"}],"replies":[{"embeddable":true,"href":"https:\/\/haeffner-medien.de\/index.php?rest_route=%2Fwp%2Fv2%2Fcomments&post=1055"}],"version-history":[{"count":10,"href":"https:\/\/haeffner-medien.de\/index.php?rest_route=\/wp\/v2\/pages\/1055\/revisions"}],"predecessor-version":[{"id":1077,"href":"https:\/\/haeffner-medien.de\/index.php?rest_route=\/wp\/v2\/pages\/1055\/revisions\/1077"}],"wp:attachment":[{"href":"https:\/\/haeffner-medien.de\/index.php?rest_route=%2Fwp%2Fv2%2Fmedia&parent=1055"}],"curies":[{"name":"wp","href":"https:\/\/api.w.org\/{rel}","templated":true}]}}